{"id":22,"date":"2024-04-22T19:21:35","date_gmt":"2024-04-22T17:21:35","guid":{"rendered":"https:\/\/wortzaubern.at\/?page_id=22"},"modified":"2024-09-27T21:56:03","modified_gmt":"2024-09-27T19:56:03","slug":"ueber-mich","status":"publish","type":"page","link":"https:\/\/wortzaubern.at\/index.php\/ueber-mich\/","title":{"rendered":"\u00fcber mich"},"content":{"rendered":"\n<figure class=\"wp-block-image size-large\"><img loading=\"lazy\" decoding=\"async\" width=\"1024\" height=\"450\" src=\"http:\/\/wortzaubern.at\/wp-content\/uploads\/2024\/04\/cropped-IMG_2007-scaled-1-1024x450.jpg\" alt=\"\" class=\"wp-image-40\" srcset=\"https:\/\/wortzaubern.at\/wp-content\/uploads\/2024\/04\/cropped-IMG_2007-scaled-1-1024x450.jpg 1024w, https:\/\/wortzaubern.at\/wp-content\/uploads\/2024\/04\/cropped-IMG_2007-scaled-1-300x132.jpg 300w, https:\/\/wortzaubern.at\/wp-content\/uploads\/2024\/04\/cropped-IMG_2007-scaled-1-768x337.jpg 768w, https:\/\/wortzaubern.at\/wp-content\/uploads\/2024\/04\/cropped-IMG_2007-scaled-1.jpg 1200w\" sizes=\"auto, (max-width: 1024px) 100vw, 1024px\" \/><figcaption class=\"wp-element-caption\">Elisabeth Kofler-Weichselbraun<\/figcaption><\/figure>\n\n\n\n<div class=\"wp-block-columns is-layout-flex wp-container-core-columns-is-layout-28f84493 wp-block-columns-is-layout-flex\">\n<div class=\"wp-block-column is-layout-flow wp-block-column-is-layout-flow\">\n<p>Ich mag unseren Garten, mit der Eiche und der Silberlinde, im Herbst lasse ich das Laub f\u00fcr die Igel und Hermeline liegen und die Fr\u00fcchte lasse ich h\u00e4ngen, f\u00fcr die V\u00f6gel. <br \/>&#8211; Im Fr\u00fchling kehre ich alles weg, weil ich einen sauberen Garten m\u00f6chte.&nbsp;<\/p>\n\n\n\n<p>Ich schaue einer Biene zu, wie sie in einer violetten Malvenbl\u00fcten verschwindet, diese als Ganzes vibrieren l\u00e4sst und schlie\u00dflich, bedeckt mit gelbwei\u00dfem Bl\u00fctenstaub, herauskrabbelt und schwer beladen davonfliegt. <br \/>&#8211; Dann pfl\u00fccke ich die Malvenbl\u00fcte, f\u00fcr meinen Wintertee.<\/p>\n\n\n\n<p>Ich schleiche durch den Wald, \u00fcber das weiche Moos, das wie ein Polster unter meinen F\u00fc\u00dfen nachgibt.&nbsp;<br \/>&#8211; Dann werde ich es sammeln, es vom Waldboden ernten und einen T\u00fcrkranz daraus binden.&nbsp;<\/p>\n\n\n\n<p>Ich mag den Atlantik, die langen Spazierg\u00e4nge mit unserem spitznasigem Collie-Welpen am K\u00fcstensaum von Crozon. <br \/>Am Plage de Lostmarc&#8217;h surfen meine Menschen und ich schauen von oben zu.<br \/>Die Einsamkeit und die Wilde dieses Momentes und die Macht der Wellen, die Gischt in meinem Gesicht macht mich dem\u00fctig.<br \/>&#8211; Wenn ich Touristin bin, bin ich gro\u00dfz\u00fcgig mit diesem Zustand, wenn andere Touristen sind, halte ich sie kaum aus.<\/p>\n\n\n\n<p>Ich mag die gro\u00dfen Fensterfronten im Wohnzimmer, lasse den Blick auf dem vorbeiflie\u00dfenden Bach und den riesigen Ahornb\u00e4umen ruhen.<br \/>&#8211; Dann h\u00f6re ich einen dumpfen Schlag und finde eine warme tote Amsel vor dem Haus.<\/p>\n\n\n\n<p>Ich mag die Kornblumen, die blauen und die violetten, die orangen Ringelblumen und den Ackerrittersporn, dazwischen das Zittergras und die Margeriten.&nbsp;<br \/>&#8211; Die Blumenwiese auf dem Grab unserer alten Hundefreundin.&nbsp;&nbsp;<\/p>\n\n\n\n<p>Ich mag es, wenn es im Dezember zu schneien beginnt und der Schnee dicke wei\u00dfe H\u00fcgel auf das Terrassengel\u00e4nder baut, wie kalte Watteb\u00e4usche.<br \/>&#8211; Um das Gel\u00e4nder vor der Last zu sch\u00fctzen, remple ich dem Bausch in die Tiefe.<\/p>\n\n\n\n<p>Ich bin ein Hin und ein Her, ein Auf und ein Ab. <br \/>Eine bunte H\u00fcndin und eine graue Maus.<br \/>Mein Leben ist, wie alle Leben sind:<br \/>Etwas Kleines, Unscheinbares, und etwas Gro\u00dfes, M\u00e4chtiges.<br \/><br \/>Darin liegt der Reiz, meines Daseins als Autorin.&nbsp;<br \/>Schreibend den Dingen auf den Grund gehen, sie zu erforschen, zu w\u00fchlen und zu entdecken.&nbsp;<br \/>Zu verdrehen, neu anzuordnen, zu nehmen, zu verwerfen.&nbsp;<br \/>Unsichtbares sichtbar zu machen und Sichtbares an einen neuen Platz zu stellen.<br \/>Das ist es, was ich will. Das ist es, was ich tue.<\/p>\n\n\n\n<p>Ich zaubere mit Worten.&nbsp;<\/p>\n\n\n\n<p>Ich wortzaubere.<\/p>\n<\/div>\n<\/div>\n","protected":false},"excerpt":{"rendered":"<p>Ich mag unseren Garten, mit der Eiche und der Silberlinde, im Herbst lasse ich das Laub f\u00fcr die Igel und Hermeline liegen und die Fr\u00fcchte lasse ich h\u00e4ngen, f\u00fcr die V\u00f6gel. &#8211; Im Fr\u00fchling kehre ich alles weg, weil ich einen sauberen Garten m\u00f6chte.&nbsp; Ich schaue einer Biene zu, wie sie in einer violetten Malvenbl\u00fcten [&hellip;]<\/p>\n","protected":false},"author":1,"featured_media":19,"parent":0,"menu_order":0,"comment_status":"closed","ping_status":"closed","template":"","meta":{"footnotes":""},"class_list":["post-22","page","type-page","status-publish","has-post-thumbnail","hentry"],"yoast_head":"<!-- This site is optimized with the Yoast SEO plugin v23.4 - https:\/\/yoast.com\/wordpress\/plugins\/seo\/ -->\n<title>\u00fcber mich -<\/title>\n<meta name=\"robots\" content=\"index, follow, max-snippet:-1, max-image-preview:large, max-video-preview:-1\" \/>\n<link rel=\"canonical\" href=\"https:\/\/wortzaubern.at\/index.php\/ueber-mich\/\" \/>\n<meta property=\"og:locale\" content=\"de_DE\" \/>\n<meta property=\"og:type\" content=\"article\" \/>\n<meta property=\"og:title\" content=\"\u00fcber mich -\" \/>\n<meta property=\"og:description\" content=\"Ich mag unseren Garten, mit der Eiche und der Silberlinde, im Herbst lasse ich das Laub f\u00fcr die Igel und Hermeline liegen und die Fr\u00fcchte lasse ich h\u00e4ngen, f\u00fcr die V\u00f6gel. &#8211; Im Fr\u00fchling kehre ich alles weg, weil ich einen sauberen Garten m\u00f6chte.&nbsp; Ich schaue einer Biene zu, wie sie in einer violetten Malvenbl\u00fcten [&hellip;]\" \/>\n<meta property=\"og:url\" content=\"https:\/\/wortzaubern.at\/index.php\/ueber-mich\/\" \/>\n<meta property=\"article:modified_time\" content=\"2024-09-27T19:56:03+00:00\" \/>\n<meta property=\"og:image\" content=\"https:\/\/wortzaubern.at\/wp-content\/uploads\/2024\/04\/IMG_2006-scaled.jpg\" \/>\n\t<meta property=\"og:image:width\" content=\"2560\" \/>\n\t<meta property=\"og:image:height\" content=\"1706\" \/>\n\t<meta property=\"og:image:type\" content=\"image\/jpeg\" \/>\n<meta name=\"twitter:card\" content=\"summary_large_image\" \/>\n<meta name=\"twitter:label1\" content=\"Gesch\u00e4tzte Lesezeit\" \/>\n\t<meta name=\"twitter:data1\" content=\"2 Minuten\" \/>\n<script type=\"application\/ld+json\" class=\"yoast-schema-graph\">{\"@context\":\"https:\/\/schema.org\",\"@graph\":[{\"@type\":\"WebPage\",\"@id\":\"https:\/\/wortzaubern.at\/index.php\/ueber-mich\/\",\"url\":\"https:\/\/wortzaubern.at\/index.php\/ueber-mich\/\",\"name\":\"\u00fcber mich -\",\"isPartOf\":{\"@id\":\"https:\/\/wortzaubern.at\/#website\"},\"primaryImageOfPage\":{\"@id\":\"https:\/\/wortzaubern.at\/index.php\/ueber-mich\/#primaryimage\"},\"image\":{\"@id\":\"https:\/\/wortzaubern.at\/index.php\/ueber-mich\/#primaryimage\"},\"thumbnailUrl\":\"https:\/\/wortzaubern.at\/wp-content\/uploads\/2024\/04\/IMG_2006-scaled.jpg\",\"datePublished\":\"2024-04-22T17:21:35+00:00\",\"dateModified\":\"2024-09-27T19:56:03+00:00\",\"breadcrumb\":{\"@id\":\"https:\/\/wortzaubern.at\/index.php\/ueber-mich\/#breadcrumb\"},\"inLanguage\":\"de-AT\",\"potentialAction\":[{\"@type\":\"ReadAction\",\"target\":[\"https:\/\/wortzaubern.at\/index.php\/ueber-mich\/\"]}]},{\"@type\":\"ImageObject\",\"inLanguage\":\"de-AT\",\"@id\":\"https:\/\/wortzaubern.at\/index.php\/ueber-mich\/#primaryimage\",\"url\":\"https:\/\/wortzaubern.at\/wp-content\/uploads\/2024\/04\/IMG_2006-scaled.jpg\",\"contentUrl\":\"https:\/\/wortzaubern.at\/wp-content\/uploads\/2024\/04\/IMG_2006-scaled.jpg\",\"width\":2560,\"height\":1706},{\"@type\":\"BreadcrumbList\",\"@id\":\"https:\/\/wortzaubern.at\/index.php\/ueber-mich\/#breadcrumb\",\"itemListElement\":[{\"@type\":\"ListItem\",\"position\":1,\"name\":\"Startseite\",\"item\":\"https:\/\/wortzaubern.at\/\"},{\"@type\":\"ListItem\",\"position\":2,\"name\":\"\u00fcber mich\"}]},{\"@type\":\"WebSite\",\"@id\":\"https:\/\/wortzaubern.at\/#website\",\"url\":\"https:\/\/wortzaubern.at\/\",\"name\":\"Wortzaubern - Elisabeth Kofler-Weichselbraun\",\"description\":\"\",\"publisher\":{\"@id\":\"https:\/\/wortzaubern.at\/#\/schema\/person\/24ea424852e780fb5698a86b1746d356\"},\"potentialAction\":[{\"@type\":\"SearchAction\",\"target\":{\"@type\":\"EntryPoint\",\"urlTemplate\":\"https:\/\/wortzaubern.at\/?s={search_term_string}\"},\"query-input\":{\"@type\":\"PropertyValueSpecification\",\"valueRequired\":true,\"valueName\":\"search_term_string\"}}],\"inLanguage\":\"de-AT\"},{\"@type\":[\"Person\",\"Organization\"],\"@id\":\"https:\/\/wortzaubern.at\/#\/schema\/person\/24ea424852e780fb5698a86b1746d356\",\"name\":\"Elisabeth Kofler-Weichselbraun\",\"image\":{\"@type\":\"ImageObject\",\"inLanguage\":\"de-AT\",\"@id\":\"https:\/\/wortzaubern.at\/#\/schema\/person\/image\/\",\"url\":\"https:\/\/wortzaubern.at\/wp-content\/uploads\/2024\/04\/IMG_7103n-1.png\",\"contentUrl\":\"https:\/\/wortzaubern.at\/wp-content\/uploads\/2024\/04\/IMG_7103n-1.png\",\"width\":1613,\"height\":1210,\"caption\":\"Elisabeth Kofler-Weichselbraun\"},\"logo\":{\"@id\":\"https:\/\/wortzaubern.at\/#\/schema\/person\/image\/\"},\"sameAs\":[\"http:\/\/www.wortzaubern.at\"]}]}<\/script>\n<!-- \/ Yoast SEO plugin. -->","yoast_head_json":{"title":"\u00fcber mich -","robots":{"index":"index","follow":"follow","max-snippet":"max-snippet:-1","max-image-preview":"max-image-preview:large","max-video-preview":"max-video-preview:-1"},"canonical":"https:\/\/wortzaubern.at\/index.php\/ueber-mich\/","og_locale":"de_DE","og_type":"article","og_title":"\u00fcber mich -","og_description":"Ich mag unseren Garten, mit der Eiche und der Silberlinde, im Herbst lasse ich das Laub f\u00fcr die Igel und Hermeline liegen und die Fr\u00fcchte lasse ich h\u00e4ngen, f\u00fcr die V\u00f6gel. &#8211; Im Fr\u00fchling kehre ich alles weg, weil ich einen sauberen Garten m\u00f6chte.&nbsp; Ich schaue einer Biene zu, wie sie in einer violetten Malvenbl\u00fcten [&hellip;]","og_url":"https:\/\/wortzaubern.at\/index.php\/ueber-mich\/","article_modified_time":"2024-09-27T19:56:03+00:00","og_image":[{"width":2560,"height":1706,"url":"https:\/\/wortzaubern.at\/wp-content\/uploads\/2024\/04\/IMG_2006-scaled.jpg","type":"image\/jpeg"}],"twitter_card":"summary_large_image","twitter_misc":{"Gesch\u00e4tzte Lesezeit":"2 Minuten"},"schema":{"@context":"https:\/\/schema.org","@graph":[{"@type":"WebPage","@id":"https:\/\/wortzaubern.at\/index.php\/ueber-mich\/","url":"https:\/\/wortzaubern.at\/index.php\/ueber-mich\/","name":"\u00fcber mich -","isPartOf":{"@id":"https:\/\/wortzaubern.at\/#website"},"primaryImageOfPage":{"@id":"https:\/\/wortzaubern.at\/index.php\/ueber-mich\/#primaryimage"},"image":{"@id":"https:\/\/wortzaubern.at\/index.php\/ueber-mich\/#primaryimage"},"thumbnailUrl":"https:\/\/wortzaubern.at\/wp-content\/uploads\/2024\/04\/IMG_2006-scaled.jpg","datePublished":"2024-04-22T17:21:35+00:00","dateModified":"2024-09-27T19:56:03+00:00","breadcrumb":{"@id":"https:\/\/wortzaubern.at\/index.php\/ueber-mich\/#breadcrumb"},"inLanguage":"de-AT","potentialAction":[{"@type":"ReadAction","target":["https:\/\/wortzaubern.at\/index.php\/ueber-mich\/"]}]},{"@type":"ImageObject","inLanguage":"de-AT","@id":"https:\/\/wortzaubern.at\/index.php\/ueber-mich\/#primaryimage","url":"https:\/\/wortzaubern.at\/wp-content\/uploads\/2024\/04\/IMG_2006-scaled.jpg","contentUrl":"https:\/\/wortzaubern.at\/wp-content\/uploads\/2024\/04\/IMG_2006-scaled.jpg","width":2560,"height":1706},{"@type":"BreadcrumbList","@id":"https:\/\/wortzaubern.at\/index.php\/ueber-mich\/#breadcrumb","itemListElement":[{"@type":"ListItem","position":1,"name":"Startseite","item":"https:\/\/wortzaubern.at\/"},{"@type":"ListItem","position":2,"name":"\u00fcber mich"}]},{"@type":"WebSite","@id":"https:\/\/wortzaubern.at\/#website","url":"https:\/\/wortzaubern.at\/","name":"Wortzaubern - Elisabeth Kofler-Weichselbraun","description":"","publisher":{"@id":"https:\/\/wortzaubern.at\/#\/schema\/person\/24ea424852e780fb5698a86b1746d356"},"potentialAction":[{"@type":"SearchAction","target":{"@type":"EntryPoint","urlTemplate":"https:\/\/wortzaubern.at\/?s={search_term_string}"},"query-input":{"@type":"PropertyValueSpecification","valueRequired":true,"valueName":"search_term_string"}}],"inLanguage":"de-AT"},{"@type":["Person","Organization"],"@id":"https:\/\/wortzaubern.at\/#\/schema\/person\/24ea424852e780fb5698a86b1746d356","name":"Elisabeth Kofler-Weichselbraun","image":{"@type":"ImageObject","inLanguage":"de-AT","@id":"https:\/\/wortzaubern.at\/#\/schema\/person\/image\/","url":"https:\/\/wortzaubern.at\/wp-content\/uploads\/2024\/04\/IMG_7103n-1.png","contentUrl":"https:\/\/wortzaubern.at\/wp-content\/uploads\/2024\/04\/IMG_7103n-1.png","width":1613,"height":1210,"caption":"Elisabeth Kofler-Weichselbraun"},"logo":{"@id":"https:\/\/wortzaubern.at\/#\/schema\/person\/image\/"},"sameAs":["http:\/\/www.wortzaubern.at"]}]}},"jetpack_sharing_enabled":true,"_links":{"self":[{"href":"https:\/\/wortzaubern.at\/index.php\/wp-json\/wp\/v2\/pages\/22","targetHints":{"allow":["GET"]}}],"collection":[{"href":"https:\/\/wortzaubern.at\/index.php\/wp-json\/wp\/v2\/pages"}],"about":[{"href":"https:\/\/wortzaubern.at\/index.php\/wp-json\/wp\/v2\/types\/page"}],"author":[{"embeddable":true,"href":"https:\/\/wortzaubern.at\/index.php\/wp-json\/wp\/v2\/users\/1"}],"replies":[{"embeddable":true,"href":"https:\/\/wortzaubern.at\/index.php\/wp-json\/wp\/v2\/comments?post=22"}],"version-history":[{"count":8,"href":"https:\/\/wortzaubern.at\/index.php\/wp-json\/wp\/v2\/pages\/22\/revisions"}],"predecessor-version":[{"id":203,"href":"https:\/\/wortzaubern.at\/index.php\/wp-json\/wp\/v2\/pages\/22\/revisions\/203"}],"wp:featuredmedia":[{"embeddable":true,"href":"https:\/\/wortzaubern.at\/index.php\/wp-json\/wp\/v2\/media\/19"}],"wp:attachment":[{"href":"https:\/\/wortzaubern.at\/index.php\/wp-json\/wp\/v2\/media?parent=22"}],"curies":[{"name":"wp","href":"https:\/\/api.w.org\/{rel}","templated":true}]}}